{"id":1853,"date":"2020-01-22T16:17:07","date_gmt":"2020-01-22T15:17:07","guid":{"rendered":"https:\/\/yoghappiness.com\/?page_id=1853"},"modified":"2021-02-23T17:50:53","modified_gmt":"2021-02-23T16:50:53","slug":"yoga-en-francais-dans-la-region-de-zurich","status":"publish","type":"page","link":"https:\/\/yoghappiness.com\/ch\/","title":{"rendered":"Yoga en fran\u00e7ais dans la r\u00e9gion de Z\u00fcrich"},"content":{"rendered":"[vc_row type=&#8221;full_width_content&#8221; full_screen_row_position=&#8221;middle&#8221; column_margin=&#8221;default&#8221; bg_color=&#8221;#f9f7f5&#8243; scene_position=&#8221;center&#8221; text_color=&#8221;dark&#8221; text_align=&#8221;left&#8221; top_padding=&#8221;33&#8243; bottom_padding=&#8221;0&#8243; id=&#8221;services&#8221; overlay_strength=&#8221;0.3&#8243; shape_divider_position=&#8221;bottom&#8221; bg_image_animation=&#8221;none&#8221; shape_type=&#8221;&#8221;][vc_column column_padding=&#8221;padding-4-percent&#8221; column_padding_position=&#8221;all&#8221; background_color_opacity=&#8221;1&#8243; background_hover_color_opacity=&#8221;1&#8243; column_link_target=&#8221;_self&#8221; column_shadow=&#8221;none&#8221; column_border_radius=&#8221;none&#8221; bottom_margin=&#8221;0&#8243; width=&#8221;1\/1&#8243; tablet_width_inherit=&#8221;default&#8221; tablet_text_alignment=&#8221;default&#8221; phone_text_alignment=&#8221;default&#8221; overlay_strength=&#8221;0.3&#8243; column_border_width=&#8221;none&#8221; column_border_style=&#8221;solid&#8221; bg_image_animation=&#8221;none&#8221;][heading]\n<h1>Yoga et nutrition pour tous en fran\u00e7ais, \u00e0 Z\u00fcrich<\/h1>\n[\/heading][vc_row_inner column_margin=&#8221;default&#8221; text_align=&#8221;left&#8221;][vc_column_inner column_padding=&#8221;padding-1-percent&#8221; column_padding_position=&#8221;all&#8221; background_color_opacity=&#8221;1&#8243; background_hover_color_opacity=&#8221;1&#8243; column_shadow=&#8221;none&#8221; column_border_radius=&#8221;none&#8221; column_link_target=&#8221;_self&#8221; width=&#8221;1\/3&#8243; tablet_width_inherit=&#8221;default&#8221; overlay_strength=&#8221;0.3&#8243; column_border_width=&#8221;none&#8221; column_border_style=&#8221;solid&#8221; bg_image_animation=&#8221;none&#8221; enable_animation=&#8221;true&#8221; animation=&#8221;grow-in&#8221; offset=&#8221;vc_col-lg-4 vc_col-md-12&#8243;][nectar_flip_box image_url_1=&#8221;81&#8243; bg_color=&#8221;rgba(10,10,10,0.5)&#8221; bg_color_overlay=&#8221;true&#8221; text_color=&#8221;light&#8221; icon_family=&#8221;iconsmind&#8221; icon_color=&#8221;Extra-Color-1&#8243; bg_color_2=&#8221;#eeb0b5&#8243; text_color_2=&#8221;light&#8221; h_text_align=&#8221;center&#8221; v_text_align=&#8221;center&#8221; image_loading=&#8221;default&#8221; flip_direction=&#8221;horizontal-to-left&#8221; front_content=&#8221;<\/p>\n<h3>Cours<br \/>\n<i>en Groupe<\/i><\/h3>\n<p>&#8221; icon_iconsmind=&#8221;iconsmind-Mens&#8221; min_height=&#8221;400&#8243;]<a href=\"https:\/\/yoghappiness.com\/ch\/cours-groupe\/\"><span style=\"color: #333333;\">Venez pratiquer le Yoga dans nos cours collectifs, jusqu\u2019\u00e0 15 personnes, dans diff\u00e9rents studios \u00e0 Z\u00fcrich et alentours.<\/span><\/a><\/p>\n<p><span style=\"color: #333333;\"><br \/>\n<span style=\"color: #000000;\"><a style=\"color: #000000;\" href=\"https:\/\/yoghappiness.com\/ch\/cours-groupe\/\">Pour en savoir plus, cliquez ici.<\/a><\/span><\/span>[\/nectar_flip_box][\/vc_column_inner][vc_column_inner column_padding=&#8221;padding-1-percent&#8221; column_padding_position=&#8221;all&#8221; background_color_opacity=&#8221;1&#8243; background_hover_color_opacity=&#8221;1&#8243; column_shadow=&#8221;none&#8221; column_border_radius=&#8221;none&#8221; column_link_target=&#8221;_self&#8221; width=&#8221;1\/3&#8243; tablet_width_inherit=&#8221;default&#8221; overlay_strength=&#8221;0.3&#8243; column_border_width=&#8221;none&#8221; column_border_style=&#8221;solid&#8221; bg_image_animation=&#8221;none&#8221; enable_animation=&#8221;true&#8221; animation=&#8221;grow-in&#8221; offset=&#8221;vc_col-lg-4 vc_col-md-12&#8243;][nectar_flip_box image_url_1=&#8221;33&#8243; bg_color=&#8221;rgba(10,10,10,0.5)&#8221; bg_color_overlay=&#8221;true&#8221; text_color=&#8221;light&#8221; icon_family=&#8221;iconsmind&#8221; icon_color=&#8221;Extra-Color-1&#8243; bg_color_2=&#8221;#fab387&#8243; text_color_2=&#8221;light&#8221; h_text_align=&#8221;center&#8221; v_text_align=&#8221;center&#8221; image_loading=&#8221;default&#8221; flip_direction=&#8221;horizontal-to-left&#8221; front_content=&#8221;<\/p>\n<h3>Cours<br \/>\n<i>Particulier<\/i><\/h3>\n<p>&#8221; icon_iconsmind=&#8221;iconsmind-One-Finger&#8221; min_height=&#8221;400&#8243;]<a href=\"https:\/\/yoghappiness.com\/ch\/cours-particuliers\/\"><span style=\"color: #333333;\">Votre cours de Yoga \u00e0 domicile vous permet de recevoir un enseignement adapt\u00e9 \u00e0 vos envies et besoins, afin d&#8217;obtenir les meilleurs r\u00e9sultats pour garantir votre bien-\u00eatre.<\/span><\/a><\/p>\n<p><span style=\"color: #333333;\"><br \/>\n<span style=\"color: #000000;\"><a style=\"color: #000000;\" href=\"https:\/\/yoghappiness.com\/ch\/cours-particuliers\/\">Pour en savoir plus, cliquez ici.<\/a><\/span><\/span>[\/nectar_flip_box][\/vc_column_inner][vc_column_inner column_padding=&#8221;padding-1-percent&#8221; column_padding_position=&#8221;all&#8221; background_color_opacity=&#8221;1&#8243; background_hover_color_opacity=&#8221;1&#8243; column_shadow=&#8221;none&#8221; column_border_radius=&#8221;none&#8221; column_link_target=&#8221;_self&#8221; width=&#8221;1\/3&#8243; tablet_width_inherit=&#8221;default&#8221; overlay_strength=&#8221;0.3&#8243; column_border_width=&#8221;none&#8221; column_border_style=&#8221;solid&#8221; bg_image_animation=&#8221;none&#8221; enable_animation=&#8221;true&#8221; animation=&#8221;grow-in&#8221; offset=&#8221;vc_col-lg-4 vc_col-md-12&#8243;][nectar_flip_box image_url_1=&#8221;2183&#8243; bg_color=&#8221;rgba(10,10,10,0.5)&#8221; bg_color_overlay=&#8221;true&#8221; text_color=&#8221;light&#8221; icon_family=&#8221;iconsmind&#8221; icon_color=&#8221;extra-color-1&#8243; bg_color_2=&#8221;#d7adff&#8221; text_color_2=&#8221;light&#8221; h_text_align=&#8221;center&#8221; v_text_align=&#8221;center&#8221; image_loading=&#8221;default&#8221; flip_direction=&#8221;horizontal-to-left&#8221; front_content=&#8221;<\/p>\n<h3>Yoga Pr\u00e9 et<br \/>\n<i>Post natal<\/i><\/h3>\n<p>&#8221; icon_iconsmind=&#8221;iconsmind-Baby-Clothes&#8221; min_height=&#8221;400&#8243;]<a href=\"https:\/\/yoghappiness.com\/ch\/yoga-pre-post-natal\/\"><span style=\"color: #333333;\">Vous \u00eates enceinte ou vous venez d&#8217;accoucher ? D\u00e9couvrez nos cours de Yoga selon la m\u00e9thode du Dr De Gasquet pour une grossesse et une suite de couche en toute s\u00e9r\u00e9nit\u00e9.<\/span><\/a><\/p>\n<p><span style=\"color: #333333;\"><br \/>\n<span style=\"color: #000000;\"><a style=\"color: #000000;\" href=\"https:\/\/yoghappiness.com\/ch\/yoga-pre-post-natal\/\">Pour en savoir plus, cliquez ici<\/a><\/span><\/span>[\/nectar_flip_box][\/vc_column_inner][\/vc_row_inner][vc_row_inner column_margin=&#8221;default&#8221; bottom_padding=&#8221;0&#8243; text_align=&#8221;left&#8221; css=&#8221;.vc_custom_1579710325162{margin-bottom: 0px !important;border-bottom-width: 0px !important;padding-bottom: 0px !important;}&#8221;][vc_column_inner column_padding=&#8221;padding-1-percent&#8221; column_padding_position=&#8221;all&#8221; background_color_opacity=&#8221;1&#8243; background_hover_color_opacity=&#8221;1&#8243; column_shadow=&#8221;none&#8221; column_border_radius=&#8221;none&#8221; column_link_target=&#8221;_self&#8221; width=&#8221;1\/3&#8243; tablet_width_inherit=&#8221;default&#8221; overlay_strength=&#8221;0.3&#8243; column_border_width=&#8221;none&#8221; column_border_style=&#8221;solid&#8221; bg_image_animation=&#8221;none&#8221; enable_animation=&#8221;true&#8221; animation=&#8221;grow-in&#8221; offset=&#8221;vc_col-lg-4 vc_col-md-12&#8243;][nectar_flip_box image_url_1=&#8221;1396&#8243; bg_color=&#8221;rgba(10,10,10,0.5)&#8221; bg_color_overlay=&#8221;true&#8221; text_color=&#8221;light&#8221; icon_family=&#8221;iconsmind&#8221; icon_color=&#8221;extra-color-1&#8243; bg_color_2=&#8221;#cceeff&#8221; text_color_2=&#8221;light&#8221; h_text_align=&#8221;center&#8221; v_text_align=&#8221;center&#8221; image_loading=&#8221;default&#8221; flip_direction=&#8221;horizontal-to-left&#8221; front_content=&#8221;<\/p>\n<h3>Offres<br \/>\n<i>Bien-\u00eatre<\/i><\/h3>\n<p>&#8221; icon_iconsmind=&#8221;iconsmind-Leafs&#8221; min_height=&#8221;400&#8243;]<a href=\"https:\/\/yoghappiness.com\/ch\/offres-bien-etre\/\"><span style=\"color: #333333;\">Envie d&#8217;approfondir votre recherche du bien-\u00eatre ? D\u00e9couvrez nos offres coaching et massages !<\/span><\/a><\/p>\n<p><span style=\"color: #333333;\"><br \/>\n<span style=\"color: #000000;\"><a style=\"color: #000000;\" href=\"https:\/\/yoghappiness.com\/ch\/offres-bien-etre\/\">Pour en savoir plus, cliquez ici.<\/a><\/span><\/span>[\/nectar_flip_box][\/vc_column_inner][vc_column_inner column_padding=&#8221;padding-1-percent&#8221; column_padding_position=&#8221;all&#8221; background_color_opacity=&#8221;1&#8243; background_hover_color_opacity=&#8221;1&#8243; column_shadow=&#8221;none&#8221; column_border_radius=&#8221;none&#8221; column_link_target=&#8221;_self&#8221; width=&#8221;1\/3&#8243; tablet_width_inherit=&#8221;default&#8221; overlay_strength=&#8221;0.3&#8243; column_border_width=&#8221;none&#8221; column_border_style=&#8221;solid&#8221; bg_image_animation=&#8221;none&#8221; enable_animation=&#8221;true&#8221; animation=&#8221;grow-in&#8221; offset=&#8221;vc_col-lg-4 vc_col-md-12&#8243;][nectar_flip_box image_url_1=&#8221;79&#8243; bg_color=&#8221;rgba(10,10,10,0.5)&#8221; bg_color_overlay=&#8221;true&#8221; text_color=&#8221;light&#8221; icon_family=&#8221;iconsmind&#8221; icon_color=&#8221;Extra-Color-1&#8243; bg_color_2=&#8221;#ffecb2&#8243; text_color_2=&#8221;light&#8221; h_text_align=&#8221;center&#8221; v_text_align=&#8221;center&#8221; image_loading=&#8221;default&#8221; flip_direction=&#8221;horizontal-to-left&#8221; front_content=&#8221;<\/p>\n<h3>Planning<br \/>\n<i>R\u00e9servation<\/i><\/h3>\n<p>&#8221; icon_iconsmind=&#8221;iconsmind-Sand-watch&#8221; min_height=&#8221;400&#8243;]<a href=\"https:\/\/yoghappiness.com\/ch\/planning\/\"><span style=\"color: #333333;\">Cliquez ici pour r\u00e9server votre prochaine s\u00e9ance de Yoga en groupe ou en individuelle.<\/span><\/a>[\/nectar_flip_box][\/vc_column_inner][vc_column_inner column_padding=&#8221;padding-1-percent&#8221; column_padding_position=&#8221;all&#8221; background_color_opacity=&#8221;1&#8243; background_hover_color_opacity=&#8221;1&#8243; column_shadow=&#8221;none&#8221; column_border_radius=&#8221;none&#8221; column_link_target=&#8221;_self&#8221; width=&#8221;1\/3&#8243; tablet_width_inherit=&#8221;default&#8221; overlay_strength=&#8221;0.3&#8243; column_border_width=&#8221;none&#8221; column_border_style=&#8221;solid&#8221; bg_image_animation=&#8221;none&#8221; enable_animation=&#8221;true&#8221; animation=&#8221;grow-in&#8221; offset=&#8221;vc_col-lg-4 vc_col-md-12&#8243;][nectar_flip_box image_url_1=&#8221;27&#8243; bg_color=&#8221;rgba(10,10,10,0.5)&#8221; bg_color_overlay=&#8221;true&#8221; text_color=&#8221;light&#8221; icon_family=&#8221;iconsmind&#8221; icon_color=&#8221;Extra-Color-1&#8243; bg_color_2=&#8221;#e0e7b4&#8243; text_color_2=&#8221;light&#8221; h_text_align=&#8221;center&#8221; v_text_align=&#8221;center&#8221; image_loading=&#8221;default&#8221; flip_direction=&#8221;horizontal-to-left&#8221; front_content=&#8221;<\/p>\n<h3>D\u00e9couvrez<br \/>\n<i>YogHappiness<\/i><\/h3>\n<p>&#8221; icon_iconsmind=&#8221;iconsmind-Girl&#8221; min_height=&#8221;400&#8243;]<a href=\"https:\/\/yoghappiness.com\/ch\/presentation\/\"><span style=\"color: #333333;\">Enseigner le yoga, c\u2019est avant tout vous aider \u00e0 vous sentir mieux, \u00e0 prendre conscience de votre corps et ainsi apprendre \u00e0 l\u00e2cher prise !<\/span><\/a><\/p>\n<p style=\"text-align: center;\"><span style=\"color: #333333;\"><br \/>\n<a style=\"color: #333333;\" href=\"https:\/\/yoghappiness.com\/ch\/presentation\/\"><span style=\"color: #000000;\">D\u00e9couvrez-en plus sur votre professeur de Yoga en cliquant ici.<\/span><\/a><\/span><\/p>\n[\/nectar_flip_box][\/vc_column_inner][\/vc_row_inner][divider line_type=&#8221;No Line&#8221; custom_height=&#8221;60&#8243;][vc_column_text css=&#8221;.vc_custom_1592403981262{margin-bottom: 0px !important;border-bottom-width: 0px !important;padding-bottom: 0px !important;}&#8221;]\n<h2 style=\"text-align: center;\">Venez d\u00e9couvrir le Yoga dans nos cours en groupe et priv\u00e9s, et retrouvez la sant\u00e9 gr\u00e2ce au coaching Nutrition.<\/h2>\n<p style=\"text-align: center;\">Le yoga est un mode de vie qui nous permet de revenir dans le moment pr\u00e9sent et nous \u00e9loigne du mouvement de nos pens\u00e9es qui n&#8217;ont de cesse de sauter du pass\u00e9 au futur.<\/p>\n<p style=\"text-align: center;\">La pratique du Yoga, nous apprend \u00e0 vivre en pleine conscience et \u00e0 d\u00e9couvrir notre v\u00e9rit\u00e9. D\u00e9couvrez la votre gr\u00e2ce \u00e0 YogHappiness !<\/p>\n[\/vc_column_text][\/vc_column][\/vc_row][vc_row type=&#8221;in_container&#8221; full_screen_row_position=&#8221;middle&#8221; column_margin=&#8221;default&#8221; scene_position=&#8221;center&#8221; text_color=&#8221;dark&#8221; text_align=&#8221;left&#8221; overlay_strength=&#8221;0.3&#8243; shape_divider_position=&#8221;bottom&#8221; bg_image_animation=&#8221;none&#8221;][vc_column column_padding=&#8221;no-extra-padding&#8221; column_padding_position=&#8221;all&#8221; background_color_opacity=&#8221;1&#8243; background_hover_color_opacity=&#8221;1&#8243; column_link_target=&#8221;_self&#8221; column_shadow=&#8221;none&#8221; column_border_radius=&#8221;none&#8221; width=&#8221;1\/1&#8243; tablet_width_inherit=&#8221;default&#8221; tablet_text_alignment=&#8221;default&#8221; phone_text_alignment=&#8221;default&#8221; overlay_strength=&#8221;0.3&#8243; column_border_width=&#8221;none&#8221; column_border_style=&#8221;solid&#8221; bg_image_animation=&#8221;none&#8221;][vc_custom_heading text=&#8221;Ils vous parlent de YogHappiness&#8221; font_container=&#8221;tag:h2|font_size:28|text_align:center|line_height:2&#8243; google_fonts=&#8221;font_family:Raleway%3A100%2C200%2C300%2Cregular%2C500%2C600%2C700%2C800%2C900|font_style:500%20bold%20regular%3A500%3Anormal&#8221; css=&#8221;.vc_custom_1579710997455{margin-top: 20px !important;padding-top: 20px !important;}&#8221;][testimonial_slider style=&#8221;minimal&#8221; star_rating_color=&#8221;accent-color&#8221; autorotate=&#8221;5000&#8243;][testimonial star_rating=&#8221;100%&#8221; title=&#8221;Testimonial&#8221; id=&#8221;1614098939030-1&#8243; tab_id=&#8221;1614098939032-8&#8243; name=&#8221;Fanny&#8221; quote=&#8221;Pauline is an excellent yoga teacher! I had not been to a yoga class in 6 years, and she made me want to go again. The atmosphere in her class is very relaxing and full of positive, calm energy. She teaches in French and English. Thanks a lot Pauline.&#8221;][testimonial star_rating=&#8221;100%&#8221; title=&#8221;Testimonial&#8221; id=&#8221;1614098939199-8&#8243; tab_id=&#8221;1614098939201-2&#8243; name=&#8221;M\u00e9lanie&#8221; quote=&#8221;Pauline est vraiment une super prof de yoga, ses cours sont vari\u00e9 et int\u00e9ressant. Elle prend le temps de corriger chaque \u00e9l\u00e8ve sur les exercices \u00e0 accomplir et nous expliques leur signification. Je recommande vivement \ud83d\ude0a\ud83d\udc4d&#8221;][testimonial star_rating=&#8221;100%&#8221; title=&#8221;Testimonial&#8221; id=&#8221;1614098939272-10&#8243; tab_id=&#8221;1614098939273-7&#8243; name=&#8221;Chlo\u00e9&#8221; quote=&#8221;Pauline est douce et attentionn\u00e9e pendant ses cours. Elle prend vraiment le temps d&#8217;expliquer les postures et de les corriger si n\u00e9cessaire. J&#8217;aime particuli\u00e8rement ses cours \u00e0 th\u00e8me qui ciblent une partie du corps sp\u00e9cifique, \u00e7a permet d&#8217;apprendre de nouvelles postures !&#8221;][testimonial star_rating=&#8221;100%&#8221; title=&#8221;Testimonial&#8221; id=&#8221;1614098939350-10&#8243; tab_id=&#8221;1614098939351-9&#8243; name=&#8221;Dolores&#8221; quote=&#8221;Je recommande ce cours de yoga en fran\u00e7ais \u00e0 Zurich le mercredi de 20h \u00e0 21h30.<br \/>\nVraiment super ce cours de yoga tr\u00e8s complet !\u201d<br \/>\n\u00c0 essayer et \u00e0 refaire absolument !<br \/>\nEn plus, le cours s\u2019est termin\u00e9 par un succulent th\u00e9 avec une d\u00e9licieuse tarte : citrouille cannelle gingembre ! Un r\u00e9gal ! Avec des personnes tr\u00e8s sympathiques et tr\u00e8s accueillantes !<br \/>\nMerci pour votre bienveillance.&#8221;][testimonial star_rating=&#8221;100%&#8221; title=&#8221;Testimonial&#8221; id=&#8221;1614098939450-7&#8243; tab_id=&#8221;1614098939452-8&#8243; name=&#8221;Anne-Sophie&#8221; quote=&#8221;Une prof au top !! Une vraie p\u00e9dagogie ! Un cours adapt\u00e9 \u00e0 chacun selon nos besoins et envies ! M\u2019a r\u00e9concili\u00e9 avec le Yoga.&#8221;][\/testimonial_slider][vc_custom_heading text=&#8221;D\u00e9couvrez tous les avis et recommandations YogHappiness en cliquant ici&#8221; font_container=&#8221;tag:h2|font_size:14|text_align:right|color:%2399ba21|line_height:2&#8243; google_fonts=&#8221;font_family:Raleway%3A100%2C200%2C300%2Cregular%2C500%2C600%2C700%2C800%2C900|font_style:500%20bold%20regular%3A500%3Anormal&#8221; css=&#8221;.vc_custom_1580226237947{margin-top: 0px !important;padding-top: 0px !important;padding-right: 80px !important;}&#8221; link=&#8221;url:https%3A%2F%2Fyoghappiness.com%2Fch%2Ftemoignages-et-recommandations%2F|title:https%3A%2F%2Fyoghappiness.com%2Fch%2Ftemoignages-et-recommandations%2F||&#8221;][vc_row_inner column_margin=&#8221;default&#8221; text_align=&#8221;left&#8221;][vc_column_inner column_padding=&#8221;no-extra-padding&#8221; column_padding_position=&#8221;all&#8221; background_color_opacity=&#8221;1&#8243; background_hover_color_opacity=&#8221;1&#8243; column_shadow=&#8221;none&#8221; column_border_radius=&#8221;none&#8221; column_link_target=&#8221;_self&#8221; width=&#8221;1\/1&#8243; tablet_width_inherit=&#8221;default&#8221; overlay_strength=&#8221;0.3&#8243; column_border_width=&#8221;none&#8221; column_border_style=&#8221;solid&#8221; bg_image_animation=&#8221;none&#8221;][\/vc_column_inner][\/vc_row_inner][\/vc_column][\/vc_row]\n","protected":false},"excerpt":{"rendered":"<p>[vc_row type=&#8221;full_width_content&#8221; full_screen_row_position=&#8221;middle&#8221; column_margin=&#8221;default&#8221; bg_color=&#8221;#f9f7f5&#8243; scene_position=&#8221;center&#8221; text_color=&#8221;dark&#8221; text_align=&#8221;left&#8221; top_padding=&#8221;33&#8243; bottom_padding=&#8221;0&#8243; id=&#8221;services&#8221; overlay_strength=&#8221;0.3&#8243; shape_divider_position=&#8221;bottom&#8221; bg_image_animation=&#8221;none&#8221; shape_type=&#8221;&#8221;][vc_column column_padding=&#8221;padding-4-percent&#8221; column_padding_position=&#8221;all&#8221; background_color_opacity=&#8221;1&#8243; background_hover_color_opacity=&#8221;1&#8243; column_link_target=&#8221;_self&#8221; column_shadow=&#8221;none&#8221; column_border_radius=&#8221;none&#8221; bottom_margin=&#8221;0&#8243; width=&#8221;1\/1&#8243; tablet_width_inherit=&#8221;default&#8221; tablet_text_alignment=&#8221;default&#8221; phone_text_alignment=&#8221;default&#8221; overlay_strength=&#8221;0.3&#8243; column_border_width=&#8221;none&#8221; column_border_style=&#8221;solid&#8221;&#8230;<\/p>\n","protected":false},"author":2,"featured_media":0,"parent":0,"menu_order":0,"comment_status":"closed","ping_status":"closed","template":"","meta":{"footnotes":""},"aioseo_notices":[],"_links":{"self":[{"href":"https:\/\/yoghappiness.com\/ch\/wp-json\/wp\/v2\/pages\/1853"}],"collection":[{"href":"https:\/\/yoghappiness.com\/ch\/wp-json\/wp\/v2\/pages"}],"about":[{"href":"https:\/\/yoghappiness.com\/ch\/wp-json\/wp\/v2\/types\/page"}],"author":[{"embeddable":true,"href":"https:\/\/yoghappiness.com\/ch\/wp-json\/wp\/v2\/users\/2"}],"replies":[{"embeddable":true,"href":"https:\/\/yoghappiness.com\/ch\/wp-json\/wp\/v2\/comments?post=1853"}],"version-history":[{"count":44,"href":"https:\/\/yoghappiness.com\/ch\/wp-json\/wp\/v2\/pages\/1853\/revisions"}],"predecessor-version":[{"id":2219,"href":"https:\/\/yoghappiness.com\/ch\/wp-json\/wp\/v2\/pages\/1853\/revisions\/2219"}],"wp:attachment":[{"href":"https:\/\/yoghappiness.com\/ch\/wp-json\/wp\/v2\/media?parent=1853"}],"curies":[{"name":"wp","href":"https:\/\/api.w.org\/{rel}","templated":true}]}}