{"id":363,"date":"2018-08-24T18:48:13","date_gmt":"2018-08-24T16:48:13","guid":{"rendered":"https:\/\/yoghappiness.com\/?page_id=363"},"modified":"2021-02-23T10:14:55","modified_gmt":"2021-02-23T09:14:55","slug":"presentation","status":"publish","type":"page","link":"https:\/\/yoghappiness.com\/ch\/presentation\/","title":{"rendered":"Pr\u00e9sentation professeur de Yoga"},"content":{"rendered":"[vc_row type=&#8221;full_width_content&#8221; full_screen_row_position=&#8221;middle&#8221; vertically_center_columns=&#8221;true&#8221; column_margin=&#8221;default&#8221; bg_color=&#8221;#e0e7b4&#8243; scene_position=&#8221;center&#8221; text_color=&#8221;light&#8221; text_align=&#8221;left&#8221; color_overlay=&#8221;#ffffff&#8221; overlay_strength=&#8221;0.3&#8243; shape_divider_position=&#8221;bottom&#8221; bg_image_animation=&#8221;none&#8221; shape_type=&#8221;&#8221;][vc_column column_padding=&#8221;no-extra-padding&#8221; column_padding_position=&#8221;all&#8221; background_color_opacity=&#8221;0.1&#8243; background_hover_color_opacity=&#8221;0.1&#8243; column_link_target=&#8221;_self&#8221; column_shadow=&#8221;none&#8221; column_border_radius=&#8221;none&#8221; width=&#8221;1\/2&#8243; tablet_width_inherit=&#8221;default&#8221; tablet_text_alignment=&#8221;default&#8221; phone_text_alignment=&#8221;default&#8221; overlay_strength=&#8221;0.3&#8243; column_border_width=&#8221;none&#8221; column_border_style=&#8221;solid&#8221; bg_image_animation=&#8221;none&#8221;][image_with_animation image_url=&#8221;2020&#8243; alignment=&#8221;center&#8221; animation=&#8221;Fade In&#8221; hover_animation=&#8221;none&#8221; border_radius=&#8221;none&#8221; box_shadow=&#8221;none&#8221; image_loading=&#8221;default&#8221; max_width=&#8221;100%&#8221; max_width_mobile=&#8221;default&#8221;][\/vc_column][vc_column column_padding=&#8221;padding-5-percent&#8221; column_padding_position=&#8221;left-right&#8221; background_color_opacity=&#8221;1&#8243; background_hover_color_opacity=&#8221;1&#8243; column_link_target=&#8221;_self&#8221; column_shadow=&#8221;none&#8221; column_border_radius=&#8221;none&#8221; width=&#8221;1\/2&#8243; tablet_width_inherit=&#8221;default&#8221; tablet_text_alignment=&#8221;default&#8221; phone_text_alignment=&#8221;default&#8221; overlay_strength=&#8221;0.3&#8243; column_border_width=&#8221;none&#8221; column_border_style=&#8221;solid&#8221; bg_image_animation=&#8221;none&#8221;][divider line_type=&#8221;No Line&#8221; custom_height=&#8221;25&#8243;][vc_column_text]<span style=\"color: #000000;\">J\u2019ai d\u00e9couvert le Yoga en 2015, suite \u00e0 une blessure au dos et sur les conseils de mon kin\u00e9sith\u00e9rapeute. A l\u2019\u00e9poque, je passais mes journ\u00e9es assise \u00e0 faire un travail stressant, et les douleurs au dos faisaient partie de mon quotidien. Faire du Yoga m\u2019a permis de remettre mon corps en \u00e9tat, calmer mon esprit et de g\u00e9rer mon stress.<\/span><\/p>\n<p><span style=\"color: #000000;\">Suite \u00e0 un tournant dans ma vie, j\u2019ai d\u00e9cid\u00e9 d\u2019enseigner le yoga\u00a0 et d\u2019apporter un peu de bien-\u00eatre et de s\u00e9r\u00e9nit\u00e9 \u00e0 un maximum de personne\u00a0!<\/span><\/p>\n<p><span style=\"color: #000000;\">Pour moi, une bonne s\u00e9ance de Yoga doit permettre de se reconnecter avec son corps. Par extension le yoga vous conduit \u00e0 mobiliser les ressources n\u00e9cessaires pour aborder votre vie en douceur au quotidien. Je souhaite offrir \u00e0 mes \u00e9l\u00e8ves une approche th\u00e9rapeutique en travaillant sur le corps (muscles, squelettes et organes), une approche m\u00e9ditative en travaillant sur la pleine conscience du moment pr\u00e9sent, mais \u00e9galement une approche plus holistique en travaillant sur les \u00e9nergies.<\/span><\/p>\n<p><span style=\"color: #000000;\">Je pratique diff\u00e9rents sports depuis plusieurs ann\u00e9es\u00a0: course \u00e0 pied, natation, fitness, randonn\u00e9e, escalade,etc\u2026 Dans mes cours, j\u2019aime incorporer tout ce que ces sports m\u2019ont appris, ainsi que diff\u00e9rents styles de Yoga afin de vous offrir des cours complets et approfondis. <\/span><\/p>\n<p><span style=\"color: #000000;\">La pratique r\u00e9guli\u00e8re du Yoga vous permettra de vous sentir mieux et d\u2019\u00eatre en meilleur sant\u00e9\u00a0! Alors n\u2019h\u00e9sitez plus et devenez Yogi !<\/span>[\/vc_column_text][vc_column_text css=&#8221;.vc_custom_1548860283919{padding-top: 20px !important;}&#8221;]\n<h2 style=\"text-align: center;\"><span style=\"color: #000000;\"><strong>L\u2019important pour moi est de vous \u00e9couter, mais surtout de vous aider \u00e0 \u00e9couter votre corps.<\/strong><\/span><\/h2>\n[\/vc_column_text][vc_column_text css=&#8221;.vc_custom_1536156097904{padding-top: 20px !important;}&#8221;]\n<p style=\"text-align: right;\"><span style=\"color: #000000;\">Pauline<\/span><\/p>\n[\/vc_column_text][\/vc_column][\/vc_row][vc_row type=&#8221;full_width_content&#8221; full_screen_row_position=&#8221;middle&#8221; vertically_center_columns=&#8221;true&#8221; column_margin=&#8221;default&#8221; scene_position=&#8221;center&#8221; text_color=&#8221;light&#8221; text_align=&#8221;left&#8221; color_overlay=&#8221;#ffffff&#8221; overlay_strength=&#8221;0.3&#8243; shape_divider_position=&#8221;bottom&#8221; bg_image_animation=&#8221;none&#8221; shape_type=&#8221;&#8221;][vc_column column_padding=&#8221;padding-5-percent&#8221; column_padding_position=&#8221;all&#8221; background_color=&#8221;#e0e7b4&#8243; background_color_opacity=&#8221;0.5&#8243; background_hover_color_opacity=&#8221;0.1&#8243; column_link_target=&#8221;_self&#8221; column_shadow=&#8221;none&#8221; column_border_radius=&#8221;none&#8221; width=&#8221;1\/2&#8243; tablet_width_inherit=&#8221;default&#8221; tablet_text_alignment=&#8221;default&#8221; phone_text_alignment=&#8221;default&#8221; overlay_strength=&#8221;0.3&#8243; column_border_width=&#8221;none&#8221; column_border_style=&#8221;solid&#8221; bg_image_animation=&#8221;none&#8221;][vc_column_text]\n<h2><span style=\"color: #000000;\"><strong>Formations\u00a0:<\/strong><\/span><\/h2>\n<p>&nbsp;<\/p>\n<ul>\n<li><span style=\"color: #000000;\">Dipl\u00f4me de di\u00e9t\u00e9ticienne &#8211; 2008<\/span><\/li>\n<li><span style=\"color: #000000;\">Yoga Teacher Training 200h (certifi\u00e9 Yoga Alliance) &#8211; Luna Alignement Yoga &#8211; Avril 2018<\/span><\/li>\n<li><span style=\"color: #000000;\">M\u00e9ditation Vipassana 10 jours &#8211; Novembre 2018<\/span><\/li>\n<li><span style=\"color: #000000;\">Dipl\u00f4me Vegan Nutrition &#8211; Mai 2020<\/span><\/li>\n<li><span style=\"color: #000000;\">Dipl\u00f4me R\u00e9flexologie plantaire &#8211; Septembre 2020<\/span><\/li>\n<li><span style=\"color: #000000;\">Yoga pr\u00e9 et post natal &#8211; Institut du Dr De Gasquet &#8211; F\u00e9vrier 2021<\/span><\/li>\n<\/ul>\n[\/vc_column_text][\/vc_column][vc_column column_padding=&#8221;padding-7-percent&#8221; column_padding_position=&#8221;all&#8221; background_color=&#8221;#e0e7b4&#8243; background_color_opacity=&#8221;1&#8243; background_hover_color_opacity=&#8221;1&#8243; column_link_target=&#8221;_self&#8221; column_shadow=&#8221;none&#8221; column_border_radius=&#8221;none&#8221; width=&#8221;1\/2&#8243; tablet_width_inherit=&#8221;default&#8221; tablet_text_alignment=&#8221;default&#8221; phone_text_alignment=&#8221;default&#8221; overlay_strength=&#8221;0.3&#8243; column_border_width=&#8221;none&#8221; column_border_style=&#8221;solid&#8221; bg_image_animation=&#8221;none&#8221;][vc_column_text]<a href=\"https:\/\/yoghappiness.com\/ch\/contact\/\"><span style=\"color: #000000;\">Je vous invite \u00e0 me contacter pour une s\u00e9ance d\u2019essai\u00a0: <span style=\"text-decoration: underline;\"><strong>cliquez ici<\/strong><\/span><\/span><\/a>[\/vc_column_text][\/vc_column][\/vc_row][vc_row type=&#8221;full_width_content&#8221; full_screen_row_position=&#8221;middle&#8221; vertically_center_columns=&#8221;true&#8221; column_margin=&#8221;default&#8221; bg_color=&#8221;#ffffff&#8221; scene_position=&#8221;center&#8221; text_color=&#8221;light&#8221; text_align=&#8221;right&#8221; bottom_padding=&#8221;0&#8243; id=&#8221;reasons&#8221; overlay_strength=&#8221;0.3&#8243; shape_divider_position=&#8221;bottom&#8221; bg_image_animation=&#8221;none&#8221; shape_type=&#8221;&#8221;][vc_column column_padding=&#8221;padding-3-percent&#8221; column_padding_position=&#8221;all&#8221; background_color=&#8221;#e0e7b4&#8243; background_color_opacity=&#8221;0.7&#8243; background_hover_color_opacity=&#8221;1&#8243; column_link_target=&#8221;_self&#8221; column_shadow=&#8221;none&#8221; column_border_radius=&#8221;none&#8221; bottom_margin=&#8221;0&#8243; width=&#8221;1\/2&#8243; tablet_width_inherit=&#8221;default&#8221; tablet_text_alignment=&#8221;default&#8221; phone_text_alignment=&#8221;default&#8221; overlay_strength=&#8221;0.3&#8243; column_border_width=&#8221;none&#8221; column_border_style=&#8221;solid&#8221; bg_image_animation=&#8221;none&#8221;][vc_row_inner column_margin=&#8221;default&#8221; bottom_padding=&#8221;0&#8243; text_align=&#8221;left&#8221;][vc_column_inner column_padding=&#8221;padding-2-percent&#8221; column_padding_position=&#8221;left&#8221; background_color_opacity=&#8221;1&#8243; background_hover_color_opacity=&#8221;1&#8243; column_shadow=&#8221;none&#8221; column_border_radius=&#8221;none&#8221; bottom_margin=&#8221;0&#8243; column_link_target=&#8221;_self&#8221; width=&#8221;1\/1&#8243; tablet_width_inherit=&#8221;default&#8221; overlay_strength=&#8221;0.3&#8243; column_border_width=&#8221;none&#8221; column_border_style=&#8221;solid&#8221; bg_image_animation=&#8221;none&#8221;][vc_column_text css=&#8221;.vc_custom_1537869414188{margin-bottom: 0px !important;border-bottom-width: 0px !important;padding-bottom: 0px !important;}&#8221;]<span style=\"color: #333333;\">\u00ab<em>Vous n\u2019avez pas besoin de rechercher la libert\u00e9 dans un pays lointain car elle existe au sein de votre corps, de votre c\u0153ur, de votre mental et de votre esprit\u00a0\u00bb<\/em><\/span><\/p>\n<p><span style=\"color: #333333;\"><em>&#8212; B.K.S. Iyengar<\/em><\/span>[\/vc_column_text][\/vc_column_inner][\/vc_row_inner][\/vc_column][vc_column column_padding=&#8221;padding-10-percent&#8221; column_padding_position=&#8221;all&#8221; background_color=&#8221;#e0e7b4&#8243; background_color_opacity=&#8221;0.4&#8243; background_hover_color_opacity=&#8221;1&#8243; background_image=&#8221;153&#8243; column_link_target=&#8221;_self&#8221; column_shadow=&#8221;none&#8221; column_border_radius=&#8221;none&#8221; width=&#8221;1\/2&#8243; tablet_width_inherit=&#8221;default&#8221; tablet_text_alignment=&#8221;default&#8221; phone_text_alignment=&#8221;default&#8221; overlay_strength=&#8221;0.3&#8243; column_border_width=&#8221;none&#8221; column_border_style=&#8221;solid&#8221; bg_image_animation=&#8221;none&#8221;][image_with_animation alignment=&#8221;&#8221; animation=&#8221;Fade In&#8221; hover_animation=&#8221;none&#8221; border_radius=&#8221;none&#8221; box_shadow=&#8221;none&#8221; image_loading=&#8221;default&#8221; max_width=&#8221;100%&#8221; max_width_mobile=&#8221;default&#8221;][\/vc_column][\/vc_row][vc_row type=&#8221;in_container&#8221; full_screen_row_position=&#8221;middle&#8221; column_margin=&#8221;default&#8221; scene_position=&#8221;center&#8221; text_color=&#8221;dark&#8221; text_align=&#8221;left&#8221; overlay_strength=&#8221;0.3&#8243; shape_divider_position=&#8221;bottom&#8221; bg_image_animation=&#8221;none&#8221;][vc_column column_padding=&#8221;no-extra-padding&#8221; column_padding_position=&#8221;all&#8221; background_color_opacity=&#8221;1&#8243; background_hover_color_opacity=&#8221;1&#8243; column_link_target=&#8221;_self&#8221; column_shadow=&#8221;none&#8221; column_border_radius=&#8221;none&#8221; width=&#8221;1\/1&#8243; tablet_width_inherit=&#8221;default&#8221; tablet_text_alignment=&#8221;default&#8221; phone_text_alignment=&#8221;default&#8221; overlay_strength=&#8221;0.3&#8243; column_border_width=&#8221;none&#8221; column_border_style=&#8221;solid&#8221; bg_image_animation=&#8221;none&#8221;][\/vc_column][\/vc_row]\n","protected":false},"excerpt":{"rendered":"<p>[vc_row type=&#8221;full_width_content&#8221; full_screen_row_position=&#8221;middle&#8221; vertically_center_columns=&#8221;true&#8221; column_margin=&#8221;default&#8221; bg_color=&#8221;#e0e7b4&#8243; scene_position=&#8221;center&#8221; text_color=&#8221;light&#8221; text_align=&#8221;left&#8221; color_overlay=&#8221;#ffffff&#8221; overlay_strength=&#8221;0.3&#8243; shape_divider_position=&#8221;bottom&#8221; bg_image_animation=&#8221;none&#8221; shape_type=&#8221;&#8221;][vc_column column_padding=&#8221;no-extra-padding&#8221; column_padding_position=&#8221;all&#8221; background_color_opacity=&#8221;0.1&#8243; background_hover_color_opacity=&#8221;0.1&#8243; column_link_target=&#8221;_self&#8221; column_shadow=&#8221;none&#8221; column_border_radius=&#8221;none&#8221; width=&#8221;1\/2&#8243; tablet_width_inherit=&#8221;default&#8221; tablet_text_alignment=&#8221;default&#8221; phone_text_alignment=&#8221;default&#8221; overlay_strength=&#8221;0.3&#8243; column_border_width=&#8221;none&#8221; column_border_style=&#8221;solid&#8221; bg_image_animation=&#8221;none&#8221;][image_with_animation image_url=&#8221;2020&#8243;&#8230;<\/p>\n","protected":false},"author":2,"featured_media":0,"parent":0,"menu_order":0,"comment_status":"closed","ping_status":"closed","template":"","meta":{"footnotes":""},"aioseo_notices":[],"_links":{"self":[{"href":"https:\/\/yoghappiness.com\/ch\/wp-json\/wp\/v2\/pages\/363"}],"collection":[{"href":"https:\/\/yoghappiness.com\/ch\/wp-json\/wp\/v2\/pages"}],"about":[{"href":"https:\/\/yoghappiness.com\/ch\/wp-json\/wp\/v2\/types\/page"}],"author":[{"embeddable":true,"href":"https:\/\/yoghappiness.com\/ch\/wp-json\/wp\/v2\/users\/2"}],"replies":[{"embeddable":true,"href":"https:\/\/yoghappiness.com\/ch\/wp-json\/wp\/v2\/comments?post=363"}],"version-history":[{"count":37,"href":"https:\/\/yoghappiness.com\/ch\/wp-json\/wp\/v2\/pages\/363\/revisions"}],"predecessor-version":[{"id":2160,"href":"https:\/\/yoghappiness.com\/ch\/wp-json\/wp\/v2\/pages\/363\/revisions\/2160"}],"wp:attachment":[{"href":"https:\/\/yoghappiness.com\/ch\/wp-json\/wp\/v2\/media?parent=363"}],"curies":[{"name":"wp","href":"https:\/\/api.w.org\/{rel}","templated":true}]}}