{"id":387,"date":"2018-08-26T17:40:58","date_gmt":"2018-08-26T15:40:58","guid":{"rendered":"https:\/\/yoghappiness.com\/?page_id=387"},"modified":"2023-12-13T10:40:33","modified_gmt":"2023-12-13T09:40:33","slug":"cours-groupe","status":"publish","type":"page","link":"https:\/\/yoghappiness.com\/ch\/cours-groupe\/","title":{"rendered":"Cours Yoga Groupe Suisse"},"content":{"rendered":"[vc_row type=&#8221;full_width_content&#8221; full_screen_row_position=&#8221;middle&#8221; column_margin=&#8221;default&#8221; equal_height=&#8221;yes&#8221; content_placement=&#8221;middle&#8221; column_direction=&#8221;default&#8221; column_direction_tablet=&#8221;default&#8221; column_direction_phone=&#8221;default&#8221; scene_position=&#8221;center&#8221; top_padding=&#8221;0&#8243; bottom_padding=&#8221;0&#8243; text_color=&#8221;dark&#8221; text_align=&#8221;left&#8221; row_border_radius=&#8221;none&#8221; row_border_radius_applies=&#8221;bg&#8221; overlay_strength=&#8221;0.3&#8243; gradient_direction=&#8221;left_to_right&#8221; shape_divider_position=&#8221;bottom&#8221; bg_image_animation=&#8221;none&#8221; shape_type=&#8221;&#8221;][vc_column column_padding=&#8221;padding-10-percent&#8221; column_padding_tablet=&#8221;inherit&#8221; column_padding_phone=&#8221;inherit&#8221; column_padding_position=&#8221;all&#8221; top_margin=&#8221;0&#8243; bottom_margin=&#8221;0&#8243; centered_text=&#8221;true&#8221; background_color_opacity=&#8221;1&#8243; background_hover_color_opacity=&#8221;1&#8243; background_image=&#8221;1502&#8243; background_image_position=&#8221;center center&#8221; column_shadow=&#8221;none&#8221; column_border_radius=&#8221;none&#8221; column_link_target=&#8221;_self&#8221; gradient_direction=&#8221;left_to_right&#8221; overlay_strength=&#8221;0.3&#8243; width=&#8221;1\/2&#8243; tablet_width_inherit=&#8221;default&#8221; tablet_text_alignment=&#8221;default&#8221; phone_text_alignment=&#8221;default&#8221; column_border_width=&#8221;none&#8221; column_border_style=&#8221;solid&#8221; bg_image_animation=&#8221;none&#8221;][divider line_type=&#8221;No Line&#8221; custom_height=&#8221;80&#8243;][vc_custom_heading text=&#8221;Cours en Groupe&#8221; font_container=&#8221;tag:h1|font_size:28|text_align:center|color:%23000000|line_height:2&#8243; google_fonts=&#8221;font_family:Raleway%3A100%2C200%2C300%2Cregular%2C500%2C600%2C700%2C800%2C900|font_style:600%20bold%20regular%3A600%3Anormal&#8221; css=&#8221;.vc_custom_1549393360149{background-color: rgba(238,176,181,0.7) !important;*background-color: rgb(238,176,181) !important;}&#8221;][divider line_type=&#8221;No Line&#8221; custom_height=&#8221;80&#8243;][\/vc_column][vc_column column_padding=&#8221;padding-10-percent&#8221; column_padding_tablet=&#8221;inherit&#8221; column_padding_phone=&#8221;inherit&#8221; column_padding_position=&#8221;left-right&#8221; top_margin=&#8221;0&#8243; bottom_margin=&#8221;0&#8243; centered_text=&#8221;true&#8221; background_color=&#8221;#eeb0b5&#8243; background_color_opacity=&#8221;1&#8243; background_hover_color_opacity=&#8221;1&#8243; column_shadow=&#8221;none&#8221; column_border_radius=&#8221;none&#8221; column_link_target=&#8221;_self&#8221; gradient_direction=&#8221;left_to_right&#8221; overlay_strength=&#8221;0.3&#8243; width=&#8221;1\/2&#8243; tablet_width_inherit=&#8221;default&#8221; tablet_text_alignment=&#8221;default&#8221; phone_text_alignment=&#8221;default&#8221; column_border_width=&#8221;none&#8221; column_border_style=&#8221;solid&#8221; bg_image_animation=&#8221;none&#8221;][divider line_type=&#8221;No Line&#8221; custom_height=&#8221;60&#8243;][vc_column_text]\n<p style=\"text-align: left;\"><span style=\"color: #000000;\">Participez \u00e0 des cours collectifs, accueillant jusqu&#8217;\u00e0 15 personnes, \u00e0 Z\u00fcrich et dans ses environs.<\/span><\/p>\n<p>&nbsp;<\/p>\n<p style=\"text-align: left;\"><span style=\"color: #000000;\">Mes cours de yoga offrent une approche progressive, allant des bases du yoga \u00e0 un approfondissement de la pratique au fil des s\u00e9ances. Ensemble, nous explorerons les moyens d&#8217;am\u00e9liorer la sant\u00e9 de notre corps gr\u00e2ce au yoga, tout en apprenant \u00e0 rel\u00e2cher les tensions et \u00e0 apaiser le stress.<\/span><\/p>\n<p>&nbsp;<\/p>\n<p style=\"text-align: left;\"><span style=\"color: #000000;\">La pratique du yoga que je propose est une fusion harmonieuse de Hatha Yoga, d&#8217;Alignement Yoga (inspir\u00e9 du Yoga Iyengar) et de Yin Yoga. Cependant, chaque cours est unique, car j&#8217;aime vous faire d\u00e9couvrir la diversit\u00e9 de la pratique du yoga.<\/span><\/p>\n<p>&nbsp;<\/p>\n<p style=\"text-align: left;\"><span style=\"color: #000000;\">Pour plus d\u2019informations sur le style de yoga propos\u00e9, <span style=\"text-decoration: underline;\"><a style=\"color: #000000; text-decoration: underline;\" href=\"https:\/\/yoghappiness.com\/ch\/yoga\/\"><strong>cliquez ici<\/strong>.<\/a><\/span><\/span><\/p>\n<p style=\"text-align: left;\"><span style=\"color: #000000;\">Trouvez le cours qui vous convient le mieux avec YogHappiness et r\u00e9servez d\u00e8s aujourd&#8217;hui votre premi\u00e8re s\u00e9ance !<\/span><\/p>\n<p><span style=\"color: #000000;\">[\/vc_column_text][divider line_type=&#8221;No Line&#8221; custom_height=&#8221;60&#8243;][\/vc_column][\/vc_row][vc_row type=&#8221;full_width_content&#8221; full_screen_row_position=&#8221;middle&#8221; column_margin=&#8221;default&#8221; equal_height=&#8221;yes&#8221; content_placement=&#8221;middle&#8221; column_direction=&#8221;default&#8221; column_direction_tablet=&#8221;default&#8221; column_direction_phone=&#8221;default&#8221; scene_position=&#8221;center&#8221; top_padding=&#8221;0&#8243; text_color=&#8221;dark&#8221; text_align=&#8221;left&#8221; row_border_radius=&#8221;none&#8221; row_border_radius_applies=&#8221;bg&#8221; overlay_strength=&#8221;0.3&#8243; gradient_direction=&#8221;left_to_right&#8221; shape_divider_position=&#8221;bottom&#8221; bg_image_animation=&#8221;none&#8221; shape_type=&#8221;&#8221;][vc_column column_padding=&#8221;padding-7-percent&#8221; column_padding_tablet=&#8221;inherit&#8221; column_padding_phone=&#8221;inherit&#8221; column_padding_position=&#8221;all&#8221; background_color=&#8221;#eeb0b5&#8243; background_color_opacity=&#8221;0.7&#8243; background_hover_color_opacity=&#8221;1&#8243; column_shadow=&#8221;none&#8221; column_border_radius=&#8221;none&#8221; column_link_target=&#8221;_self&#8221; gradient_direction=&#8221;left_to_right&#8221; overlay_strength=&#8221;0.3&#8243; width=&#8221;1\/2&#8243; tablet_width_inherit=&#8221;default&#8221; tablet_text_alignment=&#8221;default&#8221; phone_text_alignment=&#8221;default&#8221; column_border_width=&#8221;none&#8221; column_border_style=&#8221;solid&#8221; bg_image_animation=&#8221;none&#8221;][vc_row_inner content_placement=&#8221;middle&#8221; column_margin=&#8221;none&#8221; column_direction=&#8221;default&#8221; column_direction_tablet=&#8221;default&#8221; column_direction_phone=&#8221;default&#8221; text_align=&#8221;left&#8221; css=&#8221;.vc_custom_1535364565432{margin-right: 0px !important;margin-left: 0px !important;border-right-width: 0px !important;border-left-width: 0px !important;padding-right: 0px !important;padding-left: 0px !important;}&#8221;][vc_column_inner column_padding=&#8221;no-extra-padding&#8221; column_padding_tablet=&#8221;inherit&#8221; column_padding_phone=&#8221;inherit&#8221; column_padding_position=&#8221;all&#8221; top_margin=&#8221;20&#8243; bottom_margin=&#8221;20&#8243; background_color_opacity=&#8221;1&#8243; background_hover_color_opacity=&#8221;1&#8243; column_shadow=&#8221;none&#8221; column_border_radius=&#8221;none&#8221; column_link_target=&#8221;_self&#8221; gradient_direction=&#8221;left_to_right&#8221; overlay_strength=&#8221;0.3&#8243; width=&#8221;1\/1&#8243; tablet_width_inherit=&#8221;default&#8221; column_border_width=&#8221;none&#8221; column_border_style=&#8221;solid&#8221; bg_image_animation=&#8221;none&#8221; enable_animation=&#8221;true&#8221; animation=&#8221;fade-in-from-bottom&#8221;][vc_column_text css=&#8221;.vc_custom_1702460174893{margin-right: 0px !important;margin-left: 0px !important;}&#8221;]<\/span><\/p>\n<h2 style=\"text-align: left;\"><span style=\"color: #000000;\"><strong>Yoga de-stress (75 min)\u00a0<\/strong><\/span><\/h2>\n<p style=\"text-align: left;\"><span style=\"color: #000000;\"><br \/>\nMercredi, de 18h15 \u00e0 19h30 \/ Cours en anglais (fran\u00e7ais sur demande)<\/span><\/p>\n<p style=\"text-align: left;\"><span style=\"color: #000000;\">Studio Radiant Heart, <em>R\u00fcdigerstrasse 17, 8003 Z\u00fcrich<\/em><\/span><\/p>\n<p style=\"text-align: left;\"><span style=\"color: #000000;\">S\u00e9ance d\u2019essai\u00a0: 20 CHF<\/span><br \/>\n<span style=\"color: #000000;\">S\u00e9ance \u00e0 l\u2019unit\u00e9 : 25 CHF<\/span><br \/>\n<span style=\"color: #000000;\">5 cours (valable 2 mois) : 115 CHF<\/span><br \/>\n<span style=\"color: #000000;\">10 cours (valable 4 mois) : 220 CHF<\/span><br \/>\n<span style=\"color: #000000;\">15 cours (valable 6 mois) : 315 CHF<\/span><\/p>\n[\/vc_column_text][\/vc_column_inner][\/vc_row_inner][\/vc_column][vc_column column_padding=&#8221;no-extra-padding&#8221; column_padding_tablet=&#8221;inherit&#8221; column_padding_phone=&#8221;inherit&#8221; column_padding_position=&#8221;all&#8221; centered_text=&#8221;true&#8221; background_color=&#8221;#eeb0b5&#8243; background_color_opacity=&#8221;0.7&#8243; background_color_hover=&#8221;#eeb0b5&#8243; background_hover_color_opacity=&#8221;0.5&#8243; column_shadow=&#8221;none&#8221; column_border_radius=&#8221;none&#8221; column_link_target=&#8221;_self&#8221; gradient_direction=&#8221;left_to_right&#8221; overlay_strength=&#8221;0.3&#8243; width=&#8221;1\/2&#8243; tablet_width_inherit=&#8221;default&#8221; tablet_text_alignment=&#8221;default&#8221; phone_text_alignment=&#8221;default&#8221; column_border_width=&#8221;none&#8221; column_border_style=&#8221;solid&#8221; bg_image_animation=&#8221;none&#8221;][image_with_animation image_url=&#8221;1474&#8243; animation=&#8221;Fade In&#8221; hover_animation=&#8221;none&#8221; alignment=&#8221;center&#8221; border_radius=&#8221;none&#8221; box_shadow=&#8221;none&#8221; image_loading=&#8221;default&#8221; max_width=&#8221;100%&#8221; max_width_mobile=&#8221;default&#8221;][\/vc_column][\/vc_row][vc_row type=&#8221;full_width_content&#8221; full_screen_row_position=&#8221;middle&#8221; column_margin=&#8221;default&#8221; equal_height=&#8221;yes&#8221; content_placement=&#8221;middle&#8221; column_direction=&#8221;default&#8221; column_direction_tablet=&#8221;default&#8221; column_direction_phone=&#8221;default&#8221; scene_position=&#8221;center&#8221; text_color=&#8221;dark&#8221; text_align=&#8221;left&#8221; row_border_radius=&#8221;none&#8221; row_border_radius_applies=&#8221;bg&#8221; overlay_strength=&#8221;0.3&#8243; gradient_direction=&#8221;left_to_right&#8221; shape_divider_position=&#8221;bottom&#8221; bg_image_animation=&#8221;none&#8221; shape_type=&#8221;&#8221;][vc_column column_padding=&#8221;no-extra-padding&#8221; column_padding_tablet=&#8221;inherit&#8221; column_padding_phone=&#8221;inherit&#8221; column_padding_position=&#8221;all&#8221; top_margin=&#8221;0&#8243; bottom_margin=&#8221;0&#8243; centered_text=&#8221;true&#8221; background_color=&#8221;#eeb0b5&#8243; background_color_opacity=&#8221;1&#8243; background_hover_color_opacity=&#8221;1&#8243; column_shadow=&#8221;none&#8221; column_border_radius=&#8221;none&#8221; column_link_target=&#8221;_self&#8221; gradient_direction=&#8221;left_to_right&#8221; overlay_strength=&#8221;0.3&#8243; width=&#8221;1\/2&#8243; tablet_width_inherit=&#8221;default&#8221; tablet_text_alignment=&#8221;default&#8221; phone_text_alignment=&#8221;default&#8221; column_border_width=&#8221;none&#8221; column_border_style=&#8221;solid&#8221; bg_image_animation=&#8221;none&#8221; enable_animation=&#8221;true&#8221; animation=&#8221;reveal-from-bottom&#8221;][nectar_icon icon_family=&#8221;linecons&#8221; icon_style=&#8221;default&#8221; icon_color_type=&#8221;color_scheme&#8221; icon_color=&#8221;black&#8221; icon_padding=&#8221;20px&#8221; icon_linecons=&#8221;vc_li vc_li-calendar&#8221;][vc_custom_heading text=&#8221;D\u00e9couvrez le planning<br \/>\net<br \/>\nR\u00e9servez votre s\u00e9ance&#8221; font_container=&#8221;tag:h2|font_size:28|text_align:center|color:%23000000|line_height:2&#8243; google_fonts=&#8221;font_family:Raleway%3A100%2C200%2C300%2Cregular%2C500%2C600%2C700%2C800%2C900|font_style:500%20bold%20regular%3A500%3Anormal&#8221; css=&#8221;.vc_custom_1537796567231{margin-top: 0px !important;margin-bottom: 0px !important;border-top-width: 0px !important;border-bottom-width: 0px !important;padding-top: 0px !important;padding-bottom: 0px !important;}&#8221; link=&#8221;url:https%3A%2F%2Fyoghappiness.com%2Fch%2Fplanning%2F|||&#8221;][divider line_type=&#8221;No Line&#8221; custom_height=&#8221;30&#8243;][\/vc_column][vc_column column_padding=&#8221;padding-10-percent&#8221; column_padding_tablet=&#8221;inherit&#8221; column_padding_phone=&#8221;inherit&#8221; column_padding_position=&#8221;left-right&#8221; background_color=&#8221;#eeb0b5&#8243; background_color_opacity=&#8221;0.5&#8243; background_hover_color_opacity=&#8221;1&#8243; column_shadow=&#8221;none&#8221; column_border_radius=&#8221;none&#8221; column_link_target=&#8221;_self&#8221; gradient_direction=&#8221;left_to_right&#8221; overlay_strength=&#8221;0.3&#8243; width=&#8221;1\/2&#8243; tablet_width_inherit=&#8221;default&#8221; tablet_text_alignment=&#8221;default&#8221; phone_text_alignment=&#8221;default&#8221; column_border_width=&#8221;none&#8221; column_border_style=&#8221;solid&#8221; bg_image_animation=&#8221;none&#8221;][vc_row_inner content_placement=&#8221;middle&#8221; column_margin=&#8221;none&#8221; column_direction=&#8221;default&#8221; column_direction_tablet=&#8221;default&#8221; column_direction_phone=&#8221;default&#8221; text_align=&#8221;left&#8221; css=&#8221;.vc_custom_1535364565432{margin-right: 0px !important;margin-left: 0px !important;border-right-width: 0px !important;border-left-width: 0px !important;padding-right: 0px !important;padding-left: 0px !important;}&#8221;][vc_column_inner column_padding=&#8221;padding-10-percent&#8221; column_padding_tablet=&#8221;inherit&#8221; column_padding_phone=&#8221;inherit&#8221; column_padding_position=&#8221;all&#8221; background_color_opacity=&#8221;1&#8243; background_hover_color_opacity=&#8221;1&#8243; column_shadow=&#8221;none&#8221; column_border_radius=&#8221;none&#8221; column_link_target=&#8221;_self&#8221; gradient_direction=&#8221;left_to_right&#8221; overlay_strength=&#8221;0.3&#8243; width=&#8221;1\/1&#8243; tablet_width_inherit=&#8221;default&#8221; column_border_width=&#8221;none&#8221; column_border_style=&#8221;solid&#8221; bg_image_animation=&#8221;none&#8221;][vc_column_text]\n<h2 style=\"text-align: left;\"><span style=\"color: #000000;\"><strong>Hatha Flow (75 min)\u00a0<\/strong><\/span><\/h2>\n<p style=\"text-align: left;\"><span style=\"color: #000000;\"><br \/>\nMercredi, de 20h00 \u00e0 21h15 \/ Cours en fran\u00e7ais<\/span><\/p>\n<p style=\"text-align: left;\"><span style=\"color: #000000;\">Studio Radiant Heart, <em>R\u00fcdigerstrasse 17, 8003 Z\u00fcrich<\/em><\/span><\/p>\n<p style=\"text-align: left;\"><span style=\"color: #000000;\">S\u00e9ance d\u2019essai\u00a0: 20 CHF<\/span><br \/>\n<span style=\"color: #000000;\">S\u00e9ance \u00e0 l\u2019unit\u00e9 : 25 CHF<\/span><br \/>\n<span style=\"color: #000000;\">5 cours (valable 2 mois) : 115 CHF<\/span><br \/>\n<span style=\"color: #000000;\">10 cours (valable 4 mois) : 220 CHF<\/span><br \/>\n<span style=\"color: #000000;\">15 cours (valable 6 mois) : 315 CHF<\/span><\/p>\n[\/vc_column_text][\/vc_column_inner][\/vc_row_inner][\/vc_column][\/vc_row][vc_row type=&#8221;full_width_content&#8221; full_screen_row_position=&#8221;middle&#8221; column_margin=&#8221;default&#8221; equal_height=&#8221;yes&#8221; content_placement=&#8221;middle&#8221; column_direction=&#8221;default&#8221; column_direction_tablet=&#8221;default&#8221; column_direction_phone=&#8221;default&#8221; scene_position=&#8221;center&#8221; top_padding=&#8221;0&#8243; bottom_padding=&#8221;0&#8243; text_color=&#8221;dark&#8221; text_align=&#8221;left&#8221; row_border_radius=&#8221;none&#8221; row_border_radius_applies=&#8221;bg&#8221; overlay_strength=&#8221;0.3&#8243; gradient_direction=&#8221;left_to_right&#8221; shape_divider_position=&#8221;bottom&#8221; bg_image_animation=&#8221;none&#8221; shape_type=&#8221;&#8221;][vc_column column_padding=&#8221;padding-10-percent&#8221; column_padding_tablet=&#8221;inherit&#8221; column_padding_phone=&#8221;inherit&#8221; column_padding_position=&#8221;left-right&#8221; background_color=&#8221;#eeb0b5&#8243; background_color_opacity=&#8221;0.8&#8243; background_hover_color_opacity=&#8221;1&#8243; column_shadow=&#8221;none&#8221; column_border_radius=&#8221;none&#8221; column_link_target=&#8221;_self&#8221; gradient_direction=&#8221;left_to_right&#8221; overlay_strength=&#8221;0.3&#8243; width=&#8221;1\/2&#8243; tablet_width_inherit=&#8221;default&#8221; tablet_text_alignment=&#8221;default&#8221; phone_text_alignment=&#8221;default&#8221; column_border_width=&#8221;none&#8221; column_border_style=&#8221;solid&#8221; bg_image_animation=&#8221;none&#8221;][vc_row_inner equal_height=&#8221;yes&#8221; content_placement=&#8221;middle&#8221; column_margin=&#8221;none&#8221; column_direction=&#8221;default&#8221; column_direction_tablet=&#8221;default&#8221; column_direction_phone=&#8221;default&#8221; top_padding=&#8221;0&#8243; bottom_padding=&#8221;0&#8243; text_align=&#8221;left&#8221; css=&#8221;.vc_custom_1535448411657{margin-right: 0px !important;margin-left: 0px !important;border-right-width: 0px !important;border-left-width: 0px !important;padding-right: 0px !important;padding-left: 0px !important;}&#8221;][vc_column_inner column_padding=&#8221;padding-6-percent&#8221; column_padding_tablet=&#8221;inherit&#8221; column_padding_phone=&#8221;inherit&#8221; column_padding_position=&#8221;top-bottom&#8221; top_margin=&#8221;0&#8243; bottom_margin=&#8221;0&#8243; centered_text=&#8221;true&#8221; background_color_opacity=&#8221;1&#8243; background_hover_color_opacity=&#8221;1&#8243; column_shadow=&#8221;none&#8221; column_border_radius=&#8221;none&#8221; column_link_target=&#8221;_self&#8221; gradient_direction=&#8221;left_to_right&#8221; overlay_strength=&#8221;0.3&#8243; width=&#8221;1\/1&#8243; tablet_width_inherit=&#8221;default&#8221; column_border_width=&#8221;none&#8221; column_border_style=&#8221;solid&#8221; bg_image_animation=&#8221;none&#8221; enable_animation=&#8221;true&#8221; animation=&#8221;fade-in-from-bottom&#8221;][vc_column_text]\n<h2 style=\"text-align: left;\"><span style=\"color: #000000;\"><strong><b>A Savoir\u00a0<\/b>:<\/strong><\/span><\/h2>\n<p style=\"text-align: left;\"><span style=\"color: #000000;\">Essayez de ne pas manger 2-3 h avant le cours<\/span><\/p>\n<p style=\"text-align: left;\"><span style=\"color: #000000;\">Mettez des v\u00eatements confortables<\/span><\/p>\n<p style=\"text-align: left;\"><span style=\"color: #000000;\">Arrivez 5 minutes avant le d\u00e9but du cours afin de vous pr\u00e9parer pour votre pratique<\/span><\/p>\n<p style=\"text-align: left;\"><span style=\"color: #000000;\">\u00c9teignez vos t\u00e9l\u00e9phones en arrivant<\/span><\/p>\n<p style=\"text-align: left;\"><span style=\"color: #000000;\">Pr\u00e9venez le professeur des \u00e9ventuelles blessures ou difficult\u00e9s que vous avez<\/span><\/p>\n<p style=\"text-align: left;\"><span style=\"color: #000000;\">\u00c9coutez toujours votre corps et ne forcez jamais. Vous serez de plus en plus \u00e0 l\u2019aise avec les postures au fil de la pratique.<\/span><\/p>\n<p style=\"text-align: left;\"><span style=\"color: #000000;\"><strong>Toute s\u00e9ance non annul\u00e9e 24h \u00e0 l\u2019avance est due.<\/strong><\/span><\/p>\n[\/vc_column_text][\/vc_column_inner][\/vc_row_inner][\/vc_column][vc_column column_padding=&#8221;no-extra-padding&#8221; column_padding_tablet=&#8221;inherit&#8221; column_padding_phone=&#8221;inherit&#8221; column_padding_position=&#8221;all&#8221; top_margin=&#8221;0&#8243; bottom_margin=&#8221;0&#8243; centered_text=&#8221;true&#8221; background_color=&#8221;#eeb0b5&#8243; background_color_opacity=&#8221;0.7&#8243; background_hover_color_opacity=&#8221;1&#8243; column_shadow=&#8221;none&#8221; column_border_radius=&#8221;none&#8221; column_link_target=&#8221;_self&#8221; gradient_direction=&#8221;left_to_right&#8221; overlay_strength=&#8221;0.3&#8243; width=&#8221;1\/2&#8243; tablet_width_inherit=&#8221;default&#8221; tablet_text_alignment=&#8221;default&#8221; phone_text_alignment=&#8221;default&#8221; column_border_width=&#8221;none&#8221; column_border_style=&#8221;solid&#8221; bg_image_animation=&#8221;none&#8221;][image_with_animation image_url=&#8221;690&#8243; animation=&#8221;Fade In&#8221; hover_animation=&#8221;none&#8221; alignment=&#8221;center&#8221; border_radius=&#8221;none&#8221; box_shadow=&#8221;none&#8221; image_loading=&#8221;default&#8221; max_width=&#8221;100%&#8221; max_width_mobile=&#8221;default&#8221;][\/vc_column][\/vc_row]\n","protected":false},"excerpt":{"rendered":"<p>[vc_row type=&#8221;full_width_content&#8221; full_screen_row_position=&#8221;middle&#8221; column_margin=&#8221;default&#8221; equal_height=&#8221;yes&#8221; content_placement=&#8221;middle&#8221; column_direction=&#8221;default&#8221; column_direction_tablet=&#8221;default&#8221; column_direction_phone=&#8221;default&#8221; scene_position=&#8221;center&#8221; top_padding=&#8221;0&#8243; bottom_padding=&#8221;0&#8243; text_color=&#8221;dark&#8221; text_align=&#8221;left&#8221; row_border_radius=&#8221;none&#8221; row_border_radius_applies=&#8221;bg&#8221; overlay_strength=&#8221;0.3&#8243; gradient_direction=&#8221;left_to_right&#8221; shape_divider_position=&#8221;bottom&#8221; bg_image_animation=&#8221;none&#8221; shape_type=&#8221;&#8221;][vc_column column_padding=&#8221;padding-10-percent&#8221; column_padding_tablet=&#8221;inherit&#8221; column_padding_phone=&#8221;inherit&#8221; column_padding_position=&#8221;all&#8221; top_margin=&#8221;0&#8243; bottom_margin=&#8221;0&#8243; centered_text=&#8221;true&#8221; background_color_opacity=&#8221;1&#8243; background_hover_color_opacity=&#8221;1&#8243;&#8230;<\/p>\n","protected":false},"author":2,"featured_media":0,"parent":0,"menu_order":0,"comment_status":"closed","ping_status":"closed","template":"","meta":{"footnotes":""},"aioseo_notices":[],"_links":{"self":[{"href":"https:\/\/yoghappiness.com\/ch\/wp-json\/wp\/v2\/pages\/387"}],"collection":[{"href":"https:\/\/yoghappiness.com\/ch\/wp-json\/wp\/v2\/pages"}],"about":[{"href":"https:\/\/yoghappiness.com\/ch\/wp-json\/wp\/v2\/types\/page"}],"author":[{"embeddable":true,"href":"https:\/\/yoghappiness.com\/ch\/wp-json\/wp\/v2\/users\/2"}],"replies":[{"embeddable":true,"href":"https:\/\/yoghappiness.com\/ch\/wp-json\/wp\/v2\/comments?post=387"}],"version-history":[{"count":211,"href":"https:\/\/yoghappiness.com\/ch\/wp-json\/wp\/v2\/pages\/387\/revisions"}],"predecessor-version":[{"id":2454,"href":"https:\/\/yoghappiness.com\/ch\/wp-json\/wp\/v2\/pages\/387\/revisions\/2454"}],"wp:attachment":[{"href":"https:\/\/yoghappiness.com\/ch\/wp-json\/wp\/v2\/media?parent=387"}],"curies":[{"name":"wp","href":"https:\/\/api.w.org\/{rel}","templated":true}]}}