{"id":1855,"date":"2020-01-27T18:28:49","date_gmt":"2020-01-27T17:28:49","guid":{"rendered":"https:\/\/yoghappiness.com\/?page_id=1855"},"modified":"2021-02-23T18:32:59","modified_gmt":"2021-02-23T17:32:59","slug":"home","status":"publish","type":"page","link":"https:\/\/yoghappiness.com\/en\/","title":{"rendered":"Home"},"content":{"rendered":"[vc_row type=&#8221;full_width_content&#8221; full_screen_row_position=&#8221;middle&#8221; column_margin=&#8221;default&#8221; bg_color=&#8221;#f9f7f5&#8243; scene_position=&#8221;center&#8221; text_color=&#8221;dark&#8221; text_align=&#8221;left&#8221; top_padding=&#8221;33&#8243; bottom_padding=&#8221;0&#8243; id=&#8221;services&#8221; overlay_strength=&#8221;0.3&#8243; shape_divider_position=&#8221;bottom&#8221; bg_image_animation=&#8221;none&#8221; shape_type=&#8221;&#8221;][vc_column column_padding=&#8221;padding-4-percent&#8221; column_padding_position=&#8221;all&#8221; background_color_opacity=&#8221;1&#8243; background_hover_color_opacity=&#8221;1&#8243; column_link_target=&#8221;_self&#8221; column_shadow=&#8221;none&#8221; column_border_radius=&#8221;none&#8221; bottom_margin=&#8221;20&#8243; width=&#8221;1\/1&#8243; tablet_width_inherit=&#8221;default&#8221; tablet_text_alignment=&#8221;default&#8221; phone_text_alignment=&#8221;default&#8221; overlay_strength=&#8221;0.3&#8243; column_border_width=&#8221;none&#8221; column_border_style=&#8221;solid&#8221; bg_image_animation=&#8221;none&#8221;][heading]\n<h1>Yoga and nutrition for everybody, in English, in Z\u00fcrich<\/h1>\n[\/heading][vc_row_inner column_margin=&#8221;default&#8221; text_align=&#8221;left&#8221;][vc_column_inner column_padding=&#8221;padding-1-percent&#8221; column_padding_position=&#8221;all&#8221; background_color_opacity=&#8221;1&#8243; background_hover_color_opacity=&#8221;1&#8243; column_shadow=&#8221;none&#8221; column_border_radius=&#8221;none&#8221; column_link_target=&#8221;_self&#8221; width=&#8221;1\/3&#8243; tablet_width_inherit=&#8221;default&#8221; overlay_strength=&#8221;0.3&#8243; column_border_width=&#8221;none&#8221; column_border_style=&#8221;solid&#8221; bg_image_animation=&#8221;none&#8221; enable_animation=&#8221;true&#8221; animation=&#8221;grow-in&#8221; offset=&#8221;vc_col-lg-4 vc_col-md-12&#8243;][nectar_flip_box image_url_1=&#8221;81&#8243; bg_color=&#8221;rgba(10,10,10,0.5)&#8221; bg_color_overlay=&#8221;true&#8221; text_color=&#8221;light&#8221; icon_family=&#8221;iconsmind&#8221; icon_color=&#8221;Extra-Color-1&#8243; bg_color_2=&#8221;#eeb0b5&#8243; text_color_2=&#8221;light&#8221; h_text_align=&#8221;center&#8221; v_text_align=&#8221;center&#8221; image_loading=&#8221;default&#8221; flip_direction=&#8221;horizontal-to-left&#8221; front_content=&#8221;<\/p>\n<h3>Group<br \/>\n<i>Classes<\/i><\/h3>\n<p>&#8221; icon_iconsmind=&#8221;iconsmind-Mens&#8221; min_height=&#8221;400&#8243;]<a href=\"https:\/\/yoghappiness.com\/en\/group-classes\/\"><span style=\"color: #333333;\"><span lang=\"EN-US\">Come and practice Yoga in our group classes, for up to 15 people, in different studios in and around Zurich<\/span>.<\/span><\/a><\/p>\n<p><span style=\"color: #333333;\"><br \/>\n<span style=\"color: #000000;\"><a style=\"color: #000000;\" href=\"https:\/\/yoghappiness.com\/en\/group-classes\/\"><span lang=\"EN-US\">For more information, click here<\/span>.<\/a><\/span><\/span>[\/nectar_flip_box][\/vc_column_inner][vc_column_inner column_padding=&#8221;padding-1-percent&#8221; column_padding_position=&#8221;all&#8221; background_color_opacity=&#8221;1&#8243; background_hover_color_opacity=&#8221;1&#8243; column_shadow=&#8221;none&#8221; column_border_radius=&#8221;none&#8221; column_link_target=&#8221;_self&#8221; width=&#8221;1\/3&#8243; tablet_width_inherit=&#8221;default&#8221; overlay_strength=&#8221;0.3&#8243; column_border_width=&#8221;none&#8221; column_border_style=&#8221;solid&#8221; bg_image_animation=&#8221;none&#8221; enable_animation=&#8221;true&#8221; animation=&#8221;grow-in&#8221; offset=&#8221;vc_col-lg-4 vc_col-md-12&#8243;][nectar_flip_box image_url_1=&#8221;33&#8243; bg_color=&#8221;rgba(10,10,10,0.5)&#8221; bg_color_overlay=&#8221;true&#8221; text_color=&#8221;light&#8221; icon_family=&#8221;iconsmind&#8221; icon_color=&#8221;Extra-Color-1&#8243; bg_color_2=&#8221;#fab387&#8243; text_color_2=&#8221;light&#8221; h_text_align=&#8221;center&#8221; v_text_align=&#8221;center&#8221; image_loading=&#8221;default&#8221; flip_direction=&#8221;horizontal-to-left&#8221; front_content=&#8221;<\/p>\n<h3>Private<br \/>\n<i>Classes<\/i><\/h3>\n<p>&#8221; icon_iconsmind=&#8221;iconsmind-One-Finger&#8221; min_height=&#8221;400&#8243;]<a href=\"https:\/\/yoghappiness.com\/en\/private-classes\/\"><span style=\"color: #333333;\"><span lang=\"EN-US\">Your home Yoga class allows you to receive a teaching adapted to your desires and needs, in order to obtain the best results to guarantee your well-being.<\/span><\/span><\/a><\/p>\n<p><span style=\"color: #333333;\"><br \/>\n<span style=\"color: #000000;\"><a style=\"color: #000000;\" href=\"https:\/\/yoghappiness.com\/en\/private-classes\/\"><span lang=\"EN-US\">For more information, click here<\/span>.<\/a><\/span><\/span>[\/nectar_flip_box][\/vc_column_inner][vc_column_inner column_padding=&#8221;padding-1-percent&#8221; column_padding_position=&#8221;all&#8221; background_color_opacity=&#8221;1&#8243; background_hover_color_opacity=&#8221;1&#8243; column_shadow=&#8221;none&#8221; column_border_radius=&#8221;none&#8221; column_link_target=&#8221;_self&#8221; width=&#8221;1\/3&#8243; tablet_width_inherit=&#8221;default&#8221; overlay_strength=&#8221;0.3&#8243; column_border_width=&#8221;none&#8221; column_border_style=&#8221;solid&#8221; bg_image_animation=&#8221;none&#8221; enable_animation=&#8221;true&#8221; animation=&#8221;grow-in&#8221; offset=&#8221;vc_col-lg-4 vc_col-md-12&#8243;][nectar_flip_box image_url_1=&#8221;2184&#8243; bg_color=&#8221;rgba(10,10,10,0.5)&#8221; bg_color_overlay=&#8221;true&#8221; text_color=&#8221;light&#8221; icon_family=&#8221;iconsmind&#8221; icon_color=&#8221;extra-color-1&#8243; bg_color_2=&#8221;#d7adff&#8221; text_color_2=&#8221;light&#8221; h_text_align=&#8221;center&#8221; v_text_align=&#8221;center&#8221; image_loading=&#8221;default&#8221; flip_direction=&#8221;horizontal-to-left&#8221; front_content=&#8221;<\/p>\n<h3>Pre &amp; Post<br \/>\n<i>natal Yoga<\/i><\/h3>\n<p>&#8221; icon_iconsmind=&#8221;iconsmind-Baby-Clothes&#8221; min_height=&#8221;400&#8243;]<a href=\"https:\/\/yoghappiness.com\/en\/pre-post-natal\/\"><span style=\"color: #333333;\"><span lang=\"EN-US\">Are you pregnant or have you just given birth? Discover our Yoga classes according to Dr De Gasquet&#8217;s method for a pregnancy and a peaceful nappy suite.<\/span><\/span><\/a><\/p>\n<p><span style=\"color: #333333;\"><br \/>\n<span style=\"color: #000000;\"><a style=\"color: #000000;\" href=\"https:\/\/yoghappiness.com\/en\/pre-post-natal\/\"><span lang=\"EN-US\">For more information, click here<\/span>.<\/a><\/span><\/span>[\/nectar_flip_box][\/vc_column_inner][\/vc_row_inner][vc_row_inner column_margin=&#8221;default&#8221; text_align=&#8221;left&#8221;][vc_column_inner column_padding=&#8221;padding-1-percent&#8221; column_padding_position=&#8221;all&#8221; background_color_opacity=&#8221;1&#8243; background_hover_color_opacity=&#8221;1&#8243; column_shadow=&#8221;none&#8221; column_border_radius=&#8221;none&#8221; column_link_target=&#8221;_self&#8221; width=&#8221;1\/3&#8243; tablet_width_inherit=&#8221;default&#8221; overlay_strength=&#8221;0.3&#8243; column_border_width=&#8221;none&#8221; column_border_style=&#8221;solid&#8221; bg_image_animation=&#8221;none&#8221; enable_animation=&#8221;true&#8221; animation=&#8221;grow-in&#8221; offset=&#8221;vc_col-lg-4 vc_col-md-12&#8243;][nectar_flip_box image_url_1=&#8221;1397&#8243; bg_color=&#8221;rgba(10,10,10,0.5)&#8221; bg_color_overlay=&#8221;true&#8221; text_color=&#8221;light&#8221; icon_family=&#8221;iconsmind&#8221; icon_color=&#8221;extra-color-1&#8243; bg_color_2=&#8221;#cceeff&#8221; text_color_2=&#8221;light&#8221; h_text_align=&#8221;center&#8221; v_text_align=&#8221;center&#8221; image_loading=&#8221;default&#8221; flip_direction=&#8221;horizontal-to-left&#8221; front_content=&#8221;<\/p>\n<h3>Wellness<br \/>\n<i>Offers<\/i><\/h3>\n<p>&#8221; icon_iconsmind=&#8221;iconsmind-Leafs&#8221; min_height=&#8221;400&#8243;]<a href=\"https:\/\/yoghappiness.com\/en\/wellness-offers\/\"><span style=\"color: #333333;\"><span lang=\"EN-US\">Want to deepen your research of well-being ? Discover our coaching and massages offers !<\/span><\/span><\/a><\/p>\n<p><span style=\"color: #333333;\"><br \/>\n<span style=\"color: #000000;\"><a style=\"color: #000000;\" href=\"https:\/\/yoghappiness.com\/en\/wellness-offers\/\"><span lang=\"EN-US\">For more information, click here<\/span>.<\/a><\/span><\/span>[\/nectar_flip_box][\/vc_column_inner][vc_column_inner column_padding=&#8221;padding-1-percent&#8221; column_padding_position=&#8221;all&#8221; background_color_opacity=&#8221;1&#8243; background_hover_color_opacity=&#8221;1&#8243; column_shadow=&#8221;none&#8221; column_border_radius=&#8221;none&#8221; column_link_target=&#8221;_self&#8221; width=&#8221;1\/3&#8243; tablet_width_inherit=&#8221;default&#8221; overlay_strength=&#8221;0.3&#8243; column_border_width=&#8221;none&#8221; column_border_style=&#8221;solid&#8221; bg_image_animation=&#8221;none&#8221; enable_animation=&#8221;true&#8221; animation=&#8221;grow-in&#8221; offset=&#8221;vc_col-lg-4 vc_col-md-12&#8243;][nectar_flip_box image_url_1=&#8221;79&#8243; bg_color=&#8221;rgba(10,10,10,0.5)&#8221; bg_color_overlay=&#8221;true&#8221; text_color=&#8221;light&#8221; icon_family=&#8221;iconsmind&#8221; icon_color=&#8221;Extra-Color-1&#8243; bg_color_2=&#8221;#ffecb2&#8243; text_color_2=&#8221;light&#8221; h_text_align=&#8221;center&#8221; v_text_align=&#8221;center&#8221; image_loading=&#8221;default&#8221; flip_direction=&#8221;horizontal-to-left&#8221; front_content=&#8221;<\/p>\n<h3>Planning<br \/>\n<i>Reservation<\/i><\/h3>\n<p>&#8221; icon_iconsmind=&#8221;iconsmind-Sand-watch&#8221; min_height=&#8221;400&#8243;]<a href=\"https:\/\/yoghappiness.com\/en\/planning\/\"><span style=\"color: #333333;\"><span lang=\"EN-US\">Click here to book your next group or individual Yoga session<\/span>.<\/span><\/a>[\/nectar_flip_box][\/vc_column_inner][vc_column_inner column_padding=&#8221;padding-1-percent&#8221; column_padding_position=&#8221;all&#8221; background_color_opacity=&#8221;1&#8243; background_hover_color_opacity=&#8221;1&#8243; column_shadow=&#8221;none&#8221; column_border_radius=&#8221;none&#8221; column_link_target=&#8221;_self&#8221; width=&#8221;1\/3&#8243; tablet_width_inherit=&#8221;default&#8221; overlay_strength=&#8221;0.3&#8243; column_border_width=&#8221;none&#8221; column_border_style=&#8221;solid&#8221; bg_image_animation=&#8221;none&#8221; enable_animation=&#8221;true&#8221; animation=&#8221;grow-in&#8221; offset=&#8221;vc_col-lg-4 vc_col-md-12&#8243;][nectar_flip_box image_url_1=&#8221;27&#8243; bg_color=&#8221;rgba(10,10,10,0.5)&#8221; bg_color_overlay=&#8221;true&#8221; text_color=&#8221;light&#8221; icon_family=&#8221;iconsmind&#8221; icon_color=&#8221;Extra-Color-1&#8243; bg_color_2=&#8221;#e0e7b4&#8243; text_color_2=&#8221;light&#8221; h_text_align=&#8221;center&#8221; v_text_align=&#8221;center&#8221; image_loading=&#8221;default&#8221; flip_direction=&#8221;horizontal-to-left&#8221; front_content=&#8221;<\/p>\n<h3>Discover<br \/>\n<i>YogHappiness<\/i><\/h3>\n<p>&#8221; icon_iconsmind=&#8221;iconsmind-Girl&#8221; min_height=&#8221;400&#8243;]<a href=\"https:\/\/yoghappiness.com\/en\/my-story\/\"><span style=\"color: #000000;\"><span lang=\"EN-US\">Teaching yoga is above all about helping you feel better, become aware of your body and learn to let go !<\/span><\/span><\/a><\/p>\n<p style=\"text-align: center;\"><span style=\"color: #000000;\"><br \/>\n<a style=\"color: #000000;\" href=\"https:\/\/yoghappiness.com\/en\/my-story\/\">Find out more about your Yoga teacher by clicking here.<\/a><\/span><\/p>\n[\/nectar_flip_box][\/vc_column_inner][\/vc_row_inner][divider line_type=&#8221;No Line&#8221; custom_height=&#8221;60&#8243;][vc_column_text css=&#8221;.vc_custom_1592404173564{margin-bottom: 0px !important;border-bottom-width: 0px !important;padding-bottom: 0px !important;}&#8221;]\n<h2 style=\"text-align: center;\">Come and discover Yoga in our group or private classes, and regain health thanks to the nutrition coaching.<\/h2>\n<p style=\"text-align: center;\">Yoga is a lifestyle that allows us to return to the present moment and takes us away from the movement of our thoughts that are constantly jumping from the past to the future.<\/p>\n<p style=\"text-align: center;\">The practice of Yoga teaches us to live in full consciousness and to discover our truth. Discover yours thanks to YogHappiness!<\/p>\n[\/vc_column_text][\/vc_column][\/vc_row][vc_row type=&#8221;in_container&#8221; full_screen_row_position=&#8221;middle&#8221; column_margin=&#8221;default&#8221; scene_position=&#8221;center&#8221; text_color=&#8221;dark&#8221; text_align=&#8221;left&#8221; overlay_strength=&#8221;0.3&#8243; shape_divider_position=&#8221;bottom&#8221; bg_image_animation=&#8221;none&#8221;][vc_column column_padding=&#8221;no-extra-padding&#8221; column_padding_position=&#8221;all&#8221; background_color_opacity=&#8221;1&#8243; background_hover_color_opacity=&#8221;1&#8243; column_link_target=&#8221;_self&#8221; column_shadow=&#8221;none&#8221; column_border_radius=&#8221;none&#8221; width=&#8221;1\/1&#8243; tablet_width_inherit=&#8221;default&#8221; tablet_text_alignment=&#8221;default&#8221; phone_text_alignment=&#8221;default&#8221; overlay_strength=&#8221;0.3&#8243; column_border_width=&#8221;none&#8221; column_border_style=&#8221;solid&#8221; bg_image_animation=&#8221;none&#8221;][vc_custom_heading text=&#8221;They talk about YogHappiness&#8221; font_container=&#8221;tag:h2|font_size:28|text_align:center|line_height:2&#8243; google_fonts=&#8221;font_family:Raleway%3A100%2C200%2C300%2Cregular%2C500%2C600%2C700%2C800%2C900|font_style:500%20bold%20regular%3A500%3Anormal&#8221; css=&#8221;.vc_custom_1580145949339{margin-top: 20px !important;padding-top: 20px !important;}&#8221;][testimonial_slider style=&#8221;minimal&#8221; star_rating_color=&#8221;accent-color&#8221; autorotate=&#8221;5000&#8243;][testimonial star_rating=&#8221;100%&#8221; title=&#8221;Testimonial&#8221; id=&#8221;1614101464632-9&#8243; tab_id=&#8221;1614101464633-3&#8243; name=&#8221;Fanny&#8221; quote=&#8221;Pauline is an excellent yoga teacher! I had not been to a yoga class in 6 years, and she made me want to go again. The atmosphere in her class is very relaxing and full of positive, calm energy. She teaches in French and English. Thanks a lot Pauline.&#8221;][testimonial star_rating=&#8221;100%&#8221; title=&#8221;Testimonial&#8221; id=&#8221;1614101464761-10&#8243; tab_id=&#8221;1614101464763-6&#8243; name=&#8221;M\u00e9lanie&#8221; quote=&#8221;Pauline est vraiment une super prof de yoga, ses cours sont vari\u00e9 et int\u00e9ressant. Elle prend le temps de corriger chaque \u00e9l\u00e8ve sur les exercices \u00e0 accomplir et nous expliques leur signification. Je recommande vivement \ud83d\ude0a\ud83d\udc4d&#8221;][testimonial star_rating=&#8221;100%&#8221; title=&#8221;Testimonial&#8221; id=&#8221;1614101464820-4&#8243; tab_id=&#8221;1614101464821-10&#8243; name=&#8221;Chlo\u00e9&#8221; quote=&#8221;Pauline est douce et attentionn\u00e9e pendant ses cours. Elle prend vraiment le temps d&#8217;expliquer les postures et de les corriger si n\u00e9cessaire. J&#8217;aime particuli\u00e8rement ses cours \u00e0 th\u00e8me qui ciblent une partie du corps sp\u00e9cifique, \u00e7a permet d&#8217;apprendre de nouvelles postures !&#8221;][testimonial star_rating=&#8221;100%&#8221; title=&#8221;Testimonial&#8221; id=&#8221;1614101464871-10&#8243; tab_id=&#8221;1614101464872-9&#8243; name=&#8221;Dolores&#8221; quote=&#8221;Je recommande ce cours de yoga en fran\u00e7ais \u00e0 Zurich le mercredi de 20h \u00e0 21h30.<br \/>\nVraiment super ce cours de yoga tr\u00e8s complet !\u201d<br \/>\n\u00c0 essayer et \u00e0 refaire absolument !<br \/>\nEn plus, le cours s\u2019est termin\u00e9 par un succulent th\u00e9 avec une d\u00e9licieuse tarte : citrouille cannelle gingembre ! Un r\u00e9gal ! Avec des personnes tr\u00e8s sympathiques et tr\u00e8s accueillantes !<br \/>\nMerci pour votre bienveillance.&#8221;][testimonial star_rating=&#8221;100%&#8221; title=&#8221;Testimonial&#8221; id=&#8221;1614101464943-2&#8243; tab_id=&#8221;1614101464944-1&#8243; name=&#8221;Anne-Sophie&#8221; quote=&#8221;Une prof au top !! Une vraie p\u00e9dagogie ! Un cours adapt\u00e9 \u00e0 chacun selon nos besoins et envies ! M\u2019a r\u00e9concili\u00e9 avec le Yoga.&#8221;][\/testimonial_slider][vc_custom_heading text=&#8221;Discover all the reviews and recommendations by clicking here&#8221; font_container=&#8221;tag:h2|font_size:14|text_align:right|color:%2399ba21|line_height:2&#8243; google_fonts=&#8221;font_family:Raleway%3A100%2C200%2C300%2Cregular%2C500%2C600%2C700%2C800%2C900|font_style:500%20bold%20regular%3A500%3Anormal&#8221; css=&#8221;.vc_custom_1580225473836{margin-top: 0px !important;padding-top: 0px !important;padding-right: 80px !important;}&#8221; link=&#8221;url:https%3A%2F%2Fyoghappiness.com%2Fen%2Freviews-and-tips%2F|title:Reviews%20and%20Tips||&#8221;][\/vc_column][\/vc_row]\n","protected":false},"excerpt":{"rendered":"<p>[vc_row type=&#8221;full_width_content&#8221; full_screen_row_position=&#8221;middle&#8221; column_margin=&#8221;default&#8221; bg_color=&#8221;#f9f7f5&#8243; scene_position=&#8221;center&#8221; text_color=&#8221;dark&#8221; text_align=&#8221;left&#8221; top_padding=&#8221;33&#8243; bottom_padding=&#8221;0&#8243; id=&#8221;services&#8221; overlay_strength=&#8221;0.3&#8243; shape_divider_position=&#8221;bottom&#8221; bg_image_animation=&#8221;none&#8221; shape_type=&#8221;&#8221;][vc_column column_padding=&#8221;padding-4-percent&#8221; column_padding_position=&#8221;all&#8221; background_color_opacity=&#8221;1&#8243; background_hover_color_opacity=&#8221;1&#8243; column_link_target=&#8221;_self&#8221; column_shadow=&#8221;none&#8221; column_border_radius=&#8221;none&#8221; bottom_margin=&#8221;20&#8243; width=&#8221;1\/1&#8243; tablet_width_inherit=&#8221;default&#8221; tablet_text_alignment=&#8221;default&#8221; phone_text_alignment=&#8221;default&#8221; overlay_strength=&#8221;0.3&#8243; column_border_width=&#8221;none&#8221; column_border_style=&#8221;solid&#8221;&#8230;<\/p>\n","protected":false},"author":2,"featured_media":0,"parent":0,"menu_order":0,"comment_status":"closed","ping_status":"closed","template":"","meta":{"footnotes":""},"aioseo_notices":[],"_links":{"self":[{"href":"https:\/\/yoghappiness.com\/en\/wp-json\/wp\/v2\/pages\/1855"}],"collection":[{"href":"https:\/\/yoghappiness.com\/en\/wp-json\/wp\/v2\/pages"}],"about":[{"href":"https:\/\/yoghappiness.com\/en\/wp-json\/wp\/v2\/types\/page"}],"author":[{"embeddable":true,"href":"https:\/\/yoghappiness.com\/en\/wp-json\/wp\/v2\/users\/2"}],"replies":[{"embeddable":true,"href":"https:\/\/yoghappiness.com\/en\/wp-json\/wp\/v2\/comments?post=1855"}],"version-history":[{"count":17,"href":"https:\/\/yoghappiness.com\/en\/wp-json\/wp\/v2\/pages\/1855\/revisions"}],"predecessor-version":[{"id":2238,"href":"https:\/\/yoghappiness.com\/en\/wp-json\/wp\/v2\/pages\/1855\/revisions\/2238"}],"wp:attachment":[{"href":"https:\/\/yoghappiness.com\/en\/wp-json\/wp\/v2\/media?parent=1855"}],"curies":[{"name":"wp","href":"https:\/\/api.w.org\/{rel}","templated":true}]}}